{"id":10393,"date":"2021-03-19T08:38:29","date_gmt":"2021-03-19T08:38:29","guid":{"rendered":"https:\/\/digitalecosystemslab.com\/?page_id=10393"},"modified":"2025-06-24T10:11:15","modified_gmt":"2025-06-24T10:11:15","slug":"politica-de-cookies","status":"publish","type":"page","link":"https:\/\/digitalecosystemslab.com\/?page_id=10393&lang=en","title":{"rendered":"Pol\u00edtica de cookies"},"content":{"rendered":"\n<p><strong><u>POL\u00cdTICA DE COOKIES<\/u><\/strong><\/p>\n\n\n\n<p>&nbsp;1&nbsp;\u00bf QU\u00c9 SON LAS COOKIES ?<\/p>\n\n\n\n<p><br>Las Cookies son peque\u00f1os archivos que se instalan en el terminal del USUARIO al visitar un sitio web con la finalidad<br>de almacenar datos que podr\u00e1n ser actualizados y recuperados por el responsable de su instalaci\u00f3n. Si el USUARIO no<br>se registra ni deja informaci\u00f3n personal en el sitio, el servidor tendr\u00e1 conocimiento de que alguien con esa cookie<br>regres\u00f3 al sitio web pero le ser\u00e1 imposible asociar la navegaci\u00f3n a un USUARIO concreto e identificado.<br>Utilizamos dos tipos de cookies: persistentes y de sesi\u00f3n. Una cookie persistente nos ayuda a reconocerte como usuario<br>existente, para que te resulte m\u00e1s sencillo regresar a Digital Ecosystems Lab a interactuar con nuestros servicios sin necesidad de volver a iniciar sesi\u00f3n. Una cookie persistente permanecer\u00e1 en tu navegador y Digital Ecosystems Lab la leer\u00e1 cuando regreses a alguno de nuestros sitios web o a sitios de socios que utilizan nuestros servicios(como los sitios que utilizan nuestros botones de compartir o de solicitud de empleo). Las cookies de sesi\u00f3n solo se almacenan durante el tiempo que dure la misma (normalmente, lo que dure la visita que est\u00e9s realizando en ese momento a un sitio web o la sesi\u00f3n con el navegador).<\/p>\n\n\n\n<p>\u00bf QU\u00c9 CLASES DE COOKIES EXISTEN ?<\/p>\n\n\n\n<p>Las Cookies, en funci\u00f3n de su caducidad, pueden clasificarse en Cookies de sesi\u00f3n o permanentes. Las primeras expiran<br>cuando el usuario cierra el navegador mientras que las segundas permanecen por un tiempo superior durante el cual los datos siguen almacenados en el terminal y pueden ser accedidos y tratados.<br>Tambi\u00e9n se pueden distinguir seg\u00fan la entidad que gestione el equipo o dominio desde donde se env\u00edan las Cookies y se<br>traten los datos que se obtengan. En este caso, se clasifican como:<br>Cookies propias: aquellas que se env\u00edan al equipo terminal del Usuario desde un equipo o dominio gestionado<br>por el Titular de la Web y desde el que se presta el servicio solicitado por el propio Usuario.<br>Cookies de tercero: aquellas que son enviadas al equipo terminal del Usuario desde un equipo o domino que no<br>es gestionado por el Titular de la Web, sino por otra entidad que trata los datos obtenidos a trav\u00e9s de las Cookies.<br>Las Cookies tambi\u00e9n se pueden clasificar en funci\u00f3n de su objetivo y por tanto podemos hablar de:<br>Cookies T\u00e9cnicas: permiten al Usuario la navegaci\u00f3n a trav\u00e9s de una p\u00e1gina web, plataforma o aplicaci\u00f3n y la<br>utilizaci\u00f3n de las diferentes opciones o servicios que en ella existan como, por ejemplo, controlar el tr\u00e1fico y la<br>comunicaci\u00f3n de datos, identificar la sesi\u00f3n o realizar el proceso de compra de un pedido.<br>Cookies de Personalizaci\u00f3n: permiten al Usuario acceder al servicio con algunas caracter\u00edsticas de car\u00e1cter<br>general predefinidas en funci\u00f3n de una serie de criterios en el terminal del usuario como por ejemplo el idioma o<br>el tipo de navegador.<br>Cookies Anal\u00edticas: permiten al responsable de las mismas, el seguimiento y an\u00e1lisis del comportamiento de los<br>usuarios de los sitios web a los que est\u00e1n vinculadas. La informaci\u00f3n recabada se utiliza en la medici\u00f3n de la<br>actividad de los sitios web, aplicaci\u00f3n o plataforma y para la elaboraci\u00f3n de perfiles de navegaci\u00f3n de los<br>usuarios de dichos sitios, aplicaciones y plataformas, con el fin de introducir mejoras en funci\u00f3n del an\u00e1lisis de<br>los datos que hacen los usuarios del servicio.<\/p>\n\n\n\n<p>Cookies Publicitarias: permiten la gesti\u00f3n, de la forma m\u00e1s eficaz posible de los espacios publicitarios que, en su<br>caso, el editor haya incluido en una p\u00e1gina web, aplicaci\u00f3n o plataforma desde la que presta el servicio solicitado<br>en base a criterios como el contenido editado o la frecuencia en la que se muestran los anuncios.<\/p>\n\n\n\n<p>\u00bf C\u00d3MO DESACTIVAR O ELIMINAR COOKIES ?<\/p>\n\n\n\n<p><br>El Usuario podr\u00e1 configurar su navegador para que no se instalen cookies o para recibir un aviso en pantalla cada vez<br>que una cookie quiera instalarse, pudiendo decidir en cada momento si la quiere aceptar o no. Igualmente el usuario<br>podr\u00e1 decidir posteriormente eliminar las cookies que tenga instaladas cambiando la configuraci\u00f3n de su navegador o<br>elimin\u00e1ndolas manualmente a trav\u00e9s del mismo. Tenga en cuenta que la eliminaci\u00f3n de las cookies puede suponer una<br>disminuci\u00f3n en la calidad o en las funcionalidades de la p\u00e1gina web. Para realizar est\u00e1s operaciones, debe seguir las<br>indicaciones del navegador que Vd. utilice:<\/p>\n\n\n\n<p>Google Chrome&nbsp;<a href=\"http:\/\/bit.ly\/2yxQv5L\">http:\/\/bit.ly\/2yxQv5L<\/a><\/p>\n\n\n\n<p>Mozilla Firefox&nbsp;<a href=\"https:\/\/mzl.la\/2IiAiB6\">https:\/\/mzl.la\/2IiAiB6<\/a><\/p>\n\n\n\n<p>Safari&nbsp;<a href=\"https:\/\/apple.co\/2KhESEK\">https:\/\/apple.co\/2KhESEK<\/a><\/p>\n\n\n\n<p>Internet Explorer http:\/\/bit.ly\/2K5<\/p>\n\n\n\n<p>4.&nbsp;\u00bf QU\u00c9 COOKIES USA \u00c9STE SITIO WEB ?<\/p>\n\n\n\n<p>El sitio web www.digitalecosystemslab.com utiliza las siguientes Cookies:<\/p>\n\n\n\n<figure class=\"wp-block-table\"><table><tbody><tr><td><strong>NOMBRE&nbsp;<\/strong><\/td><td><strong>DOMINIO<\/strong><\/td><td><strong>FINALIDAD<\/strong><\/td><td><strong>CADUCIDAD<\/strong><\/td><\/tr><tr><td>_gat<\/td><td>.digitalecosystemslab.com<\/td><td>Se usa para limitar el porcentaje de solicitudes<\/td><td>1 Sesi\u00f3n<\/td><\/tr><tr><td>_gid<\/td><td>.digitalecosystemslab.com<\/td><td>Se usa para distinguir a los usuarios<\/td><td>1 Dias<\/td><\/tr><tr><td>_ga<\/td><td>.digitalecosystemslab.com<\/td><td>Se usa para distinguir a los usuarios<\/td><td>2 A\u00f1os<\/td><\/tr><\/tbody><\/table><\/figure>\n\n\n\n<p>5.&nbsp;\u00bfPARA QU\u00c9 SE UTILIZAN LAS COOKIES?<\/p>\n\n\n\n<p>Autentificaci\u00f3n: utilizamos cookies y tecnolog\u00edas similares para reconocerte cuando visitas nuestros Servicios. Si has iniciado sesi\u00f3n en Digital Ecosystems Lab, estas tecnolog\u00edas nos ayudan a mostrarte la informaci\u00f3n adecuada y a personalizar tu experiencia de acuerdo con tu configuraci\u00f3n.<br>Por ejemplo, las cookies permiten a Digital Ecosystems Lab identificarte y verificar tu cuenta.<\/p>\n\n\n\n<p>Seguridad: utilizamos cookies y tecnolog\u00edas similares para que tus interacciones con nuestros servicios sean m\u00e1s r\u00e1pidas y seguras. Por ejemplo, utilizamos cookies para activar y respaldar nuestras funciones de seguridad, mantener la seguridad de tu cuenta y detectar actividades fraudulentas e infracciones de nuestras condiciones de uso.<\/p>\n\n\n\n<p>Preferencias, funcionalidades y servicios: utilizamos cookies y tecnolog\u00edas similares para habilitar la funcionalidad de nuestros Servicios, como ayudarte a rellenar formularios de nuestros Servicios con mayor facilidad y proporcionarte funciones, conocimientos y contenido personalizado junto con nuestros complementos. Tambi\u00e9n utilizamos estas tecnolog\u00edas para recordar informaci\u00f3n sobre tu navegador y tus preferencias. Por ejemplo, las cookies pueden decirnos qu\u00e9 idiomas prefieres y cu\u00e1les son tus preferencias de comunicaci\u00f3n. Tambi\u00e9n podemos utilizar el almacenamiento local para acelerar la funcionalidad del sitio.<\/p>\n\n\n\n<p>Contenido personalizado: utilizamos cookies y tecnolog\u00edas similares para personalizar tu experiencia en nuestros servicios. Por ejemplo, podemos utilizar cookies para recordar b\u00fasquedas anteriores, de modo que, cuando vuelvas a utilizar nuestros servicios, podamos ofrecerte<br>informaci\u00f3n adicional relacionada con tu b\u00fasqueda anterior.<\/p>\n\n\n\n<p><br>Rendimiento, an\u00e1lisis e investigaci\u00f3n: las cookies y las tecnolog\u00edas similares nos ayudan a obtener m\u00e1s informaci\u00f3n sobre el rendimiento de nuestros Servicios y complementos en diferentes ubicaciones. Tanto nosotros como nuestros proveedores de servicios utilizamos estas tecnolog\u00edas para comprender, mejorar e investigar productos, funciones y servicios, incluso mientras navegas por nuestros sitios o cuando accedes a Digital Ecosystems Lab desde otros sitios, aplicaciones o dispositivos. Tanto nosotros como nuestros proveedores de servicios utilizamos estas<br>tecnolog\u00edas para determinar y medir el rendimiento de los anuncios o las publicaciones dentro y fuera de Digital Ecosystems Lab, as\u00ed como para saber si has interactuado con nuestros sitios web, contenidos o correos electr\u00f3nicos, y proporcionar an\u00e1lisis basados en esas interacciones.<\/p>\n","protected":false},"excerpt":{"rendered":"<p>POL\u00cdTICA DE COOKIES &nbsp;1&nbsp;\u00bf QU\u00c9 SON LAS COOKIES ? Las Cookies son peque\u00f1os archivos que se instalan en el terminal del USUARIO al visitar un sitio web con la finalidadde almacenar datos que podr\u00e1n ser actualizados y recuperados por el responsable de su instalaci\u00f3n. Si el USUARIO nose registra ni deja informaci\u00f3n personal en el&#8230;<\/p>\n","protected":false},"author":1,"featured_media":0,"parent":0,"menu_order":0,"comment_status":"closed","ping_status":"closed","template":"template-terms-conditions.php","meta":{"_front_options":"","footnotes":""},"class_list":["post-10393","page","type-page","status-publish","hentry"],"_links":{"self":[{"href":"https:\/\/digitalecosystemslab.com\/index.php?rest_route=\/wp\/v2\/pages\/10393","targetHints":{"allow":["GET"]}}],"collection":[{"href":"https:\/\/digitalecosystemslab.com\/index.php?rest_route=\/wp\/v2\/pages"}],"about":[{"href":"https:\/\/digitalecosystemslab.com\/index.php?rest_route=\/wp\/v2\/types\/page"}],"author":[{"embeddable":true,"href":"https:\/\/digitalecosystemslab.com\/index.php?rest_route=\/wp\/v2\/users\/1"}],"replies":[{"embeddable":true,"href":"https:\/\/digitalecosystemslab.com\/index.php?rest_route=%2Fwp%2Fv2%2Fcomments&post=10393"}],"version-history":[{"count":3,"href":"https:\/\/digitalecosystemslab.com\/index.php?rest_route=\/wp\/v2\/pages\/10393\/revisions"}],"predecessor-version":[{"id":10396,"href":"https:\/\/digitalecosystemslab.com\/index.php?rest_route=\/wp\/v2\/pages\/10393\/revisions\/10396"}],"wp:attachment":[{"href":"https:\/\/digitalecosystemslab.com\/index.php?rest_route=%2Fwp%2Fv2%2Fmedia&parent=10393"}],"curies":[{"name":"wp","href":"https:\/\/api.w.org\/{rel}","templated":true}]}}