{"id":10391,"date":"2021-03-19T08:33:57","date_gmt":"2021-03-19T08:33:57","guid":{"rendered":"https:\/\/digitalecosystemslab.com\/?page_id=10391"},"modified":"2025-06-24T10:11:24","modified_gmt":"2025-06-24T10:11:24","slug":"politica-de-privacidad","status":"publish","type":"page","link":"https:\/\/digitalecosystemslab.com\/?page_id=10391&lang=en","title":{"rendered":"Pol\u00edtica de privacidad"},"content":{"rendered":"\n<p>1.IDENTIDAD DEL RESPONSABLE DEL TRATAMIENTO<\/p>\n\n\n\n<p>DIGITAL ECOSYSTEMS LAB SL con CIF B04985446, en adelante el RESPTTO, con domicilio en Madrid (Madrid), en Calle del Pr\u00edncipe 14 5\u00bapiso, 28012, Madrid y correo electr\u00f3nico rgpd@digitalecosystemslab.com, es el Titular de \u00e9sta Web y Responsable del Tratamiento de Datos Personales del Usuario y le informa que la informaci\u00f3n facilitada ser\u00e1 tratada de conformidad con lo dispuesto por el Reglamento UE de Protecci\u00f3n de Datos 679\/2016 y la Ley Org\u00e1nica3\/2018 de Protecci\u00f3n de Datos Personales y garant\u00eda de los derechos digitales. Esta Pol\u00edtica de privacidad se aplica cuando utilizas nuestros servicios. Ofrecemos a nuestros usuarios distintas opciones acerca de los datos que recopilamos, utilizamos y compartimos, seg\u00fan se describe en esta Pol\u00edtica de privacidad, y en la Pol\u00edtica de Cookies.<\/p>\n\n\n\n<p>2. FINALIDADES Y LEGITIMACI\u00d3N DEL TRATAMIENTO<\/p>\n\n\n\n<p>Enviarle comunicaciones informativas y\/o promocionales si Vd. facilita sus datos de contacto y consentimiento. Geti\u00f3n de los contactos para distintos precesos de selecci\u00f3n que publiquen empresas en el portal de Digital Ecosystems Lab y consentimiento.<\/p>\n\n\n\n<p>3. PLAZOS DE CONSERVACI\u00d3N<\/p>\n\n\n\n<p>Los datos proporcionados se conservar\u00e1n hasta que el Usuario solicite la supresi\u00f3n de sus datos o se d\u00e9 de baja de la plataforma de Digital Ecosystems Lab. Una vez comunicado por parte del interesado la supresi\u00f3n de sus datos, se proceder\u00e1 a su bloqueo y posterior cancelaci\u00f3n en nuestros ficheros o devoluci\u00f3n al titular de los datos, seg\u00fan el caso, de los soportes en los quese recoja la informaci\u00f3n facilitada, sin que se admita la conservaci\u00f3n de copias de dicha informaci\u00f3n.<\/p>\n\n\n\n<p>4. COMUNICACI\u00d3N DE LAS DATOS A TERCEROS<\/p>\n\n\n\n<p>Sus datos \u00fanicamente ser\u00e1n utilizados para los fines antes se\u00f1alados y no ser\u00e1n cedidos a terceros, salvo aquellas comunicaciones a las Autoridades, Organismos u Oficinas de las Administraciones P\u00fablicas que fueran consentidas porel Usuario o persona autorizada por \u00e9l\/ella para el adecuado cumplimiento de las obligaciones nacidas de los serviciosprestados, o que resultaren preceptivas o autorizadas por Ley.<\/p>\n\n\n\n<p>5. DEBER DE CONFIDENCIALIDAD<\/p>\n\n\n\n<p>El RESPTTO garantiza la confidencialidad de los datos personales que obren en sus ficheros y adoptar\u00e1 las medidas reglamentarias que eviten, en la medida de lo posible, su alteraci\u00f3n, p\u00e9rdida, tratamiento o acceso no autorizado<\/p>\n\n\n\n<p>6. EJERCICIO DE DERECHOS<\/p>\n\n\n\n<p>El Usuario tiene derecho a acceder a sus datos personales, rectificar los datos inexactos o solicitar su supresi\u00f3n cuando los datos ya no sean necesarios. En determinadas ocasiones los interesados podr\u00e1n solicitar la limitaci\u00f3n del tratamiento de sus datos, en cuyo caso \u00fanicamente los conservaremos para el ejercicio o la defensa de reclamaciones. El Usuario puede ejercitar sus derechos debiendo dirigir su petici\u00f3n por escrito e identific\u00e1ndose suficientemente a la direcci\u00f3n electr\u00f3nica rgpd@digitalecosystemslab.com. Tambi\u00e9n tiene derecho a retirar su consentimiento al tratamiento de sus datos personales en cualquier momento y a presentar la reclamaci\u00f3n que considere oportuna ante la Autoridad de Control.<\/p>\n\n\n\n<p>7. DATOS ALMACENADOS<\/p>\n\n\n\n<p>Registro: para crear una cuenta en Digital Ecosystems Lab, debes proporcionarnos datos como tu nombre, tu direcci\u00f3n de correo electr\u00f3nico o n\u00famero de m\u00f3vil, as\u00ed como una contrase\u00f1a.<\/p>\n\n\n\n<p>Perfil: en su perfil tienes diferentes opciones que puedes incluir, como tu educaci\u00f3n, experiencia laboral, aptitudes, una fotograf\u00eda, tu ciudad. No es necesario que proporciones informaci\u00f3n adicional sobre tu perfil; sin embargo, la informaci\u00f3n del perfil te ayuda a sacar m\u00e1s provecho de los servicios de Digital Ecosystems Lab, como facilitar que los t\u00e9cnicos de selecci\u00f3n de personal y las oportunidades laborales te encuentren. T\u00fa decides si deseas incluir informaci\u00f3n delicada entu perfil y hacerla p\u00fablica. No publiques o a\u00f1adas datos personales que no quieras que se hagan p\u00fablicos.<\/p>\n\n\n\n<p>Publicaci\u00f3n y contenidos: Recopilamos tus datos personales cuando los proporcionas, los publicas o los cargas en nuestros servicios, como cuando rellenas un formulario, respondes a una encuesta o env\u00edas un curr\u00edculum,. Si decides importar tu agenda de direcciones, recibiremos tus contactos (incluida la informaci\u00f3n de contacto que tu proveedor o proveedores de servicios o aplicaciones hayan a\u00f1adido autom\u00e1ticamente a tu agenda de direcciones cuando te hayas comunicado con direcciones o n\u00fameros que no est\u00e9n todav\u00eda en tu lista). Si sincronizas tus contactos o calendarios atrav\u00e9s de nuestros Servicios, recopilaremos tu agenda de direcciones y la informaci\u00f3n de reuniones del calendario parapermitir que tu red siga creciendo mediante sugerencias de contactos para ti y para otras personas, as\u00ed como proporcionando informaci\u00f3n sobre eventos, como la hora, el lugar, los asistentes y los contactos. No es necesario que publiques o cargues datos personales, aunque si no lo haces, es posible que se limite tu capacidad para crecer e interactuar con tu red a trav\u00e9s de nuestros servicios.<\/p>\n\n\n\n<p>Informaci\u00f3n de contacto y del calendario: recibimos datos personales (entre los que se incluye la informaci\u00f3n de contacto) sobre ti cuando otras personas importan o sincronizan sus contactos o su calendario con nuestros servicios,asocian sus contactos con perfiles de miembros. Si optas u otros optan por sincronizar cuentas de correo electr\u00f3nico con nuestros servicios, tambi\u00e9n recopilaremos informaci\u00f3n del \u00abencabezado del correo electr\u00f3nico\u00bb que podemos asociar con perfiles de miembros de Digital Ecosystems Lab.<\/p>\n\n\n\n<p>Cookies y otras tecnolog\u00edas utilizadas: como se describe en nuestra Pol\u00edtica de Cookies, utilizamos cookies y tecnolog\u00edas similares para recopilar informaci\u00f3n (por ejemplo, identificadores de dispositivos) para reconocerte a ti y\/o atu dispositivo o dispositivos en los diferentes Servicios y dispositivos.Tambi\u00e9n permitimos que otras personas usen cookies en el modo descrito en nuestra Pol\u00edtica de cookies. Tambi\u00e9n puedes marcar la opci\u00f3n de autoexclusi\u00f3n para que no utilicemos la informaci\u00f3n de las cookies ni de tecnolog\u00edas similares para hacer un seguimiento de tu comportamientoen otros sitios web para la publicidad de terceros.<\/p>\n\n\n\n<p>Uso de los servicios: registramos los datos de uso cuando visitas o utilizas de otro modo nuestros servicios, incluidosnuestros sitios web, las posibles aplicaciones de Digital Ecosystems Lab y la tecnolog\u00eda de la plataforma, como cuando ves o haces clicen un contenido (por ejemplo, un v\u00eddeo de formaci\u00f3n) o en anuncios (en nuestros sitios web y aplicaciones, o fuera de ellos), realizas una b\u00fasqueda, instalas o actualizas una de nuestras aplicaciones, compartes art\u00edculos o solicitas empleos.Utilizamos registros de inicio de sesi\u00f3n, informaci\u00f3n de dispositivos y direcciones de protocolo de Internet (\u00abIP\u00bb) para identificarte y registrar tu uso en Digital Ecosystems Lab.<\/p>\n\n\n\n<p>Mensajes: recabamos informaci\u00f3n sobre ti cuando env\u00edas, recibes o interact\u00faas con mensajes relacionados con nuestros Servicios. Por ejemplo, si recibes una solicitud de amistad en Digital Ecosystems Lab, realizamos un seguimiento para ver si has realizado alguna acci\u00f3n al respecto y te mandaremos recordatorios. Utilizamos tecnolog\u00eda para sugerir posibles respuestas a los mensajes y para gestionar o bloquear contenido que infrinja nuestras Condiciones de uso de nuestros servicios de Digital Ecosystems Lab.<\/p>\n\n\n\n<p>Datos que no te identifican: Utilizamos tus datos para generar y compartir informaci\u00f3n que no te identifica. Por ejemplo,podemos utilizar tus datos para generar estad\u00edsticas acerca de nuestros miembros, su profesi\u00f3n o sector; para calcular impresiones o clics en un anuncio; o para publicar informaci\u00f3n detallada de los visitantes de un servicio u obtener informaci\u00f3n detallada de la fuerza laboral .<\/p>\n\n\n\n<p>Otra informaci\u00f3n: Los servicios de Digital Ecosystems Lab son din\u00e1micos e introducimos nuevas funcionalidades, que pueden requerirla recopilaci\u00f3n de nueva informaci\u00f3n. Si recabamos datos personales muy diferentes o si cambiamos en gran medida el modo en que recopilamos, usamos o compartimos tus datos, te lo notificaremos y tambi\u00e9n podr\u00edamos modificar esta Pol\u00edtica de privacidad.<\/p>\n\n\n\n<p>Conservaci\u00f3n de datos: conservamos tus datos personales durante la totalidad del tiempo que mantengas tu cuenta abierta, o bien durante el per\u00edodo necesario para proporcionarte nuestros servicios. Esto incluye los datos que t\u00fa u otras personas nos hab\u00e9is proporcionado o los datos generados o inferidos de tu uso de los Servicios. En algunos casos, decidimos conservar determinada informaci\u00f3n (por ejemplo, informaci\u00f3n sobre el uso de los Servicios) en un formato despersonalizado o agregado<\/p>\n","protected":false},"excerpt":{"rendered":"<p>1.IDENTIDAD DEL RESPONSABLE DEL TRATAMIENTO DIGITAL ECOSYSTEMS LAB SL con CIF B04985446, en adelante el RESPTTO, con domicilio en Madrid (Madrid), en Calle del Pr\u00edncipe 14 5\u00bapiso, 28012, Madrid y correo electr\u00f3nico rgpd@digitalecosystemslab.com, es el Titular de \u00e9sta Web y Responsable del Tratamiento de Datos Personales del Usuario y le informa que la informaci\u00f3n facilitada&#8230;<\/p>\n","protected":false},"author":1,"featured_media":0,"parent":0,"menu_order":0,"comment_status":"closed","ping_status":"closed","template":"template-terms-conditions.php","meta":{"_front_options":"","footnotes":""},"class_list":["post-10391","page","type-page","status-publish","hentry"],"_links":{"self":[{"href":"https:\/\/digitalecosystemslab.com\/index.php?rest_route=\/wp\/v2\/pages\/10391","targetHints":{"allow":["GET"]}}],"collection":[{"href":"https:\/\/digitalecosystemslab.com\/index.php?rest_route=\/wp\/v2\/pages"}],"about":[{"href":"https:\/\/digitalecosystemslab.com\/index.php?rest_route=\/wp\/v2\/types\/page"}],"author":[{"embeddable":true,"href":"https:\/\/digitalecosystemslab.com\/index.php?rest_route=\/wp\/v2\/users\/1"}],"replies":[{"embeddable":true,"href":"https:\/\/digitalecosystemslab.com\/index.php?rest_route=%2Fwp%2Fv2%2Fcomments&post=10391"}],"version-history":[{"count":3,"href":"https:\/\/digitalecosystemslab.com\/index.php?rest_route=\/wp\/v2\/pages\/10391\/revisions"}],"predecessor-version":[{"id":10439,"href":"https:\/\/digitalecosystemslab.com\/index.php?rest_route=\/wp\/v2\/pages\/10391\/revisions\/10439"}],"wp:attachment":[{"href":"https:\/\/digitalecosystemslab.com\/index.php?rest_route=%2Fwp%2Fv2%2Fmedia&parent=10391"}],"curies":[{"name":"wp","href":"https:\/\/api.w.org\/{rel}","templated":true}]}}