{"id":10381,"date":"2021-03-16T10:16:23","date_gmt":"2021-03-16T10:16:23","guid":{"rendered":"http:\/\/digitalecosystemslab.com\/?page_id=10381"},"modified":"2022-01-25T19:18:58","modified_gmt":"2022-01-25T19:18:58","slug":"legal-terms","status":"publish","type":"page","link":"https:\/\/digitalecosystemslab.com\/?page_id=10381","title":{"rendered":"Aviso legal"},"content":{"rendered":"\n<h1 class=\"wp-block-heading\"><\/h1>\n\n\n\n<p>1. IDENTIDAD DEL TITULAR DE LA WEB<\/p>\n\n\n\n<p><br>DIGITAL ECOSYSTEMS LAB SL con CIF B04985446, con domicilio en Madrid, Espa\u00f1a, en<br>Calle del Pr\u00edncipe 14 5\u00bapiso , 28012 &#8211; Madrid y correo electr\u00f3nico rgpd@digitalecosystemslab.com es Titular de \u00e9sta web, con dominio <a href=\"http:\/\/www.lobees.com\/\">www.digitalecosystemslab.com<\/a>.<\/p>\n\n\n\n<p>2. ACEPTACI\u00d3N DE LAS CONDICIONES DE USO<\/p>\n\n\n\n<p><br>La utilizaci\u00f3n de este sitio Web atribuye al navegante, sea persona f\u00edsica o jur\u00eddica, la condici\u00f3n de USUARIO, lo cual<br>implica la adhesi\u00f3n a los t\u00e9rminos y condiciones que a continuaci\u00f3n se indican. A todos los efectos, se contemplar\u00e1n los<br>t\u00e9rminos y condiciones en la versi\u00f3n publicada en el momento en que se produce el acceso. Se recomienda al<br>USUARIO leer atentamente los t\u00e9rminos y condiciones que a continuaci\u00f3n se detallan antes de hacer uso de los<br>servicios ofertados. As\u00ed mismo, el acceso a determinados servicios a trav\u00e9s de este sitio Web puede encontrarse<br>sometido a ciertas condiciones particulares propias que, seg\u00fan los casos, sustituyen, completan y\/o modifican estas<br>condiciones generales. Por tanto, con anterioridad al acceso y\/o utilizaci\u00f3n de nuestros servicios, el USUARIO debe leer<br>atentamente tambi\u00e9n las correspondientes condiciones particulares. En caso de no aceptar las condiciones de uso, deber\u00e1<br>abstenerse de acceder y utilizar los servicios contenidos en esta Web. Las presentes condiciones de uso regulan el uso<br>gen\u00e9rico de la Web por parte del USUARIO que tiene la posibilidad de visualizarla e imprimirlas. El Titular de la Web<br>se reserva el derecho a modificar o suprimir en cualquier momento y sin previo aviso los contenidos, servicios e<br>informaciones que se encuentran en esta Web, as\u00ed como a limitar o cancelar los t\u00e9rminos y condiciones aplicables a la<br>Web.<\/p>\n\n\n\n<p>3. PROPIEDAD INTELECTUAL E INDUSTRIAL<\/p>\n\n\n\n<p><br>El contenido de esta Web se encuentra protegido por las Leyes sobre Propiedad Intelectual e Industrial. El sitio web,<br>incluyendo a t\u00edtulo enunciativo pero no limitativo su programaci\u00f3n, edici\u00f3n, compilaci\u00f3n y dem\u00e1s elementos necesarios<br>para su funcionamiento, los dise\u00f1os, logotipos, texto y\/o gr\u00e1ficos son propiedad del responsable de la Web o en su caso<br>dispone de licencia o autorizaci\u00f3n expresa por parte de los autores. Independientemente de la finalidad para la que<br>fueran destinados, la reproducci\u00f3n total o parcial, uso, explotaci\u00f3n, distribuci\u00f3n y comercializaci\u00f3n, requiere en todo<br>caso de la autorizaci\u00f3n escrita previa por parte del Titular de la Web. La infracci\u00f3n de cualquiera de los citados derechos<br>puede constituir una vulneraci\u00f3n de las presentes disposiciones, as\u00ed como un delito castigado de acuerdo con los<br>art\u00edculos 270 y siguientes del C\u00f3digo Penal. Los dise\u00f1os, logotipos, texto y\/o gr\u00e1ficos ajenos al responsable de la Web y<br>que pudieran aparecer en el sitio web, pertenecen a sus respectivos propietarios, siendo ellos mismos responsables de<br>cualquier posible controversia que pudiera suscitarse respecto a los mismos. En todo caso, se cuenta con la autorizaci\u00f3n<br>expresa y previa por parte de los mismos.<br>Las reclamaciones que pudieran interponerse por los USUARIOS en relaci\u00f3n con posibles incumplimientos de los<br>derechos de propiedad intelectual o industrial sobre cualesquiera de los contenidos de este sitio Web deber\u00e1n dirigirse al correo electr\u00f3nico\u00a0<a href=\"mailto:rgpd@lobees.com\">rgpd@digitalecosystemslab.com<\/a><\/p>\n\n\n\n<p>4. ACCESO A LA WEB<\/p>\n\n\n\n<p><br>Nuestra Web puede ser visitada por cualquier USUARIO de forma libre y gratuita. Los datos de Car\u00e1cter Personal que<br>nos facilite ser\u00e1n siempre tratados de conformidad con lo dispuesto en la normativa vigente.<\/p>\n\n\n\n<p>5. USO CORRECTO DEL SITIO WEB<\/p>\n\n\n\n<p><br>El USUARIO se compromete a utilizar la Web, los contenidos y los servicios de acuerdo con la Ley, con las buenas<br>costumbres y el orden p\u00fablico.<\/p>\n\n\n\n<p>El USUARIO se obliga y compromete a:<\/p>\n\n\n\n<ul class=\"wp-block-list\"><li>No utilizar la Web o los servicios que se prestan a trav\u00e9s de ella con finalidades o efectos il\u00edcitos o contrarios al<br>contenido de este Aviso Legal que lesionen los intereses o derechos de terceros, o que de cualquier forma pueda<br>da\u00f1ar, inutilizar o deteriorar la Web o sus servicios o impedir un uso satisfactorio de la Web a otros usuarios.<\/li><li>No destruir, alterar, inutilizar o, de cualquier otra forma, da\u00f1ar los datos, los programas o los documentos<br>electr\u00f3nicos y otros que se encuentren en la Web.<\/li><li>No introducir programas, virus, macroinstrucciones, miniaplicaciones o cualquier otro dispositivo l\u00f3gico o<br>secuencia de caracteres que causen o puedan causar cualquier tipo de alteraci\u00f3n en los sistemas inform\u00e1ticos del<br>responsable del la Web o de terceros.<\/li><li>No hacer mal uso de informaciones, mensajes, gr\u00e1ficos, dibujos, archivos de sonido y\/o imagen, fotograf\u00edas,<br>grabaciones, software y, en general, cualquier clase de material accesible a trav\u00e9s de la Web o de los servicios<br>que ofrece.<\/li><li>No introducir actuaciones, actitudes o ideas discriminatorias por raz\u00f3n de sexo, raza, religi\u00f3n, creencias, edad o<br>condici\u00f3n.<\/li><li>Asimismo, el responsable de la web se reserva el derecho a denegar o retirar el acceso a la Web y\/o a los<br>servicios en cualquier momento y sin necesidad de previo aviso a aquellos USUARIOS que incumplan estas<br>condiciones generales.<\/li><\/ul>\n\n\n\n<p>6. R\u00c9GIMEN DE RESPONSABILIDAD<\/p>\n\n\n\n<p>El responsable de la web no se har\u00e1 responsable, directa ni subsidiariamente de:<\/p>\n\n\n\n<ul class=\"wp-block-list\"><li>La calidad del servicio, la velocidad de acceso, el correcto funcionamiento ni la disponibilidad ni continuidad de<br>funcionamiento de la Web.<\/li><li>Que existan interrupciones del servicio, demoras, errores, mal funcionamiento del mismo y, en general, dem\u00e1s<br>inconvenientes que tengan su origen en causa que escapan del control del Titular de la Web.<\/li><li>Una actuaci\u00f3n dolosa o culposa del USUARIO y\/o tenga por origen causas de fuerza mayor. En cualquier caso,<br>sea cual fuere su causa.<\/li><li>Da\u00f1os directos o indirectos, da\u00f1o emergente y\/o por lucro cesante.<\/li><li>Los contenidos y opiniones de terceros ni de la informaci\u00f3n contenida en p\u00e1ginas Web de terceros a las que se<br>pueda acceder por Enlaces o buscadores del sitio Web.<\/li><li>Los da\u00f1os que puedan causarse en los equipos de los USUARIOS por posibles virus inform\u00e1ticos contra\u00eddos a<br>causa de su navegaci\u00f3n en el sitio Web o por cualquier otro da\u00f1o derivado de esa navegaci\u00f3n.<\/li><li>Del incumplimiento de la Ley, la moral y las buenas costumbres generalmente aceptadas o el orden p\u00fablico<br>como consecuencia de la transmisi\u00f3n, difusi\u00f3n, almacenamiento, puesta a disposici\u00f3n, recepci\u00f3n, obtenci\u00f3n o<br>acceso a los contenidos.<\/li><li>Los vicios, y defectos de toda clase de los contenidos transmitidos, difundidos, almacenados o puestos a<br>disposici\u00f3n, la falta de actualizaci\u00f3n o de exactitud de los mismos, ni de su calidad cient\u00edfica en su caso.<\/li><li>As\u00ed mismo, el Titular no garantiza que la Web y el servidor est\u00e9n libres de virus y no se hace responsable de los<br>da\u00f1os causados por el acceso a la Web o por la imposibilidad de acceder.<\/li><li>El Titular tendr\u00e1 derecho, sin que exista indemnizaci\u00f3n alguna al USUARIO por estos conceptos, a suspender<br>temporalmente los servicios y contenidos del sitio Web para efectuar operaciones de mantenimiento, mejora o<br>reparaci\u00f3n de los mismos.<\/li><\/ul>\n\n\n\n<p>7. PROTECCI\u00d3N DE DATOS<\/p>\n\n\n\n<p>De conformidad con lo establecido en la Ley Org\u00e1nica 3\/2018 de Protecci\u00f3n de Datos Personales y garant\u00eda de los<br>derechos digitales, le informamos que la informaci\u00f3n que facilite el Usuario ser\u00e1 incorporada al sistema de tratamiento<br>titularidad del Responsable con con la finalidad de poder facilitar, agilizar y cumplir los compromisos establecidos entre<br>ambas partes. As\u00ed mismo, el Titular y Responsable informa que los datos ser\u00e1n conservados durante el plazo<br>estrictamente necesario para cumplir con los preceptos mencionados con anterioridad. Mientras Vd. no comunique lo<br>contrario, entenderemos que sus datos no han sido modificados, que usted se compromete a notificarnos cualquier<br>variaci\u00f3n y que tenemos su consentimiento para utilizarlos para las finalidades mencionadas. Se le informa que<br>proceder\u00e1 a tratar los datos de manera l\u00edcita, leal, transparente, adecuada, pertinente, limitada, exacta y actualizada. Es<br>por ello que el Responsable se compromete a adoptar todas las medidas razonables para que estos se supriman o<br>rectifiquen sin dilaci\u00f3n cuando sean inexactos. De acuerdo con los derechos que le confiere el la normativa vigente en<br>materia de Protecci\u00f3n de Datos, el Usuario podr\u00e1 ejercer los derechos de acceso, rectificaci\u00f3n, limitaci\u00f3n de tratamiento,<br>supresi\u00f3n, portabilidad y oposici\u00f3n al tratamiento de sus datos de car\u00e1cter personal as\u00ed como del consentimiento<br>prestado para el tratamiento de los mismos, debiendo dirigir su petici\u00f3n por escrito e identific\u00e1nose suficientemente a la<br>direcci\u00f3n citada en el punto 1.<\/p>\n\n\n\n<p>As\u00ed mismo, tambi\u00e9n podr\u00e1 dirigirse a la Autoridad de Control para presentar la reclamaci\u00f3n que considere oportuna.<\/p>\n\n\n\n<p>8. PUBLICIDAD<\/p>\n\n\n\n<p><br>Conforme a lo regulado por la Ley 34\/2002, de 11 de julio, de Servicios de la Sociedad de la Informaci\u00f3n y Comercio<br>Electr\u00f3nico (LSSICE) la pol\u00edtica respecto al correo electr\u00f3nico se centra en remitir \u00fanicamente comunicaciones que el<br>USUARIO haya solicitado recibir habiendo trasladado de modo voluntario y expreso su consentimiento. Si Usuario<br>quiere desea recibir estas comunicaciones, deber\u00e1 dirigirse su petici\u00f3n por escrito e identific\u00e1ndose suficientemente a la<br>direcci\u00f3n electr\u00f3nica rgpd@digitalecosystemslab.com<\/p>\n\n\n\n<p>9.&nbsp;LEGISLACI\u00d3N APLICABLE Y COMPETENCIA JUDICIAL<\/p>\n\n\n\n<p>Las presentes condiciones est\u00e1n redactadas en espa\u00f1ol, y se encuentran sometidas a la legislaci\u00f3n espa\u00f1ola vigente.<br>Para toda cuesti\u00f3n litigiosa o que incumba a \u00e9ste sitio Web ser\u00e1n competentes los Juzgados y Tribunales de Madrid,<br>Espa\u00f1a.<\/p>\n","protected":false},"excerpt":{"rendered":"<p>1. IDENTIDAD DEL TITULAR DE LA WEB DIGITAL ECOSYSTEMS LAB SL con CIF B04985446, con domicilio en Madrid, Espa\u00f1a, enCalle del Pr\u00edncipe 14 5\u00bapiso , 28012 &#8211; Madrid y correo electr\u00f3nico rgpd@digitalecosystemslab.com es Titular de \u00e9sta web, con dominio www.digitalecosystemslab.com. 2. ACEPTACI\u00d3N DE LAS CONDICIONES DE USO La utilizaci\u00f3n de este sitio Web atribuye al&#8230;<\/p>\n","protected":false},"author":1,"featured_media":0,"parent":0,"menu_order":0,"comment_status":"closed","ping_status":"closed","template":"template-terms-conditions.php","meta":{"_front_options":"","footnotes":""},"class_list":["post-10381","page","type-page","status-publish","hentry"],"_links":{"self":[{"href":"https:\/\/digitalecosystemslab.com\/index.php?rest_route=\/wp\/v2\/pages\/10381","targetHints":{"allow":["GET"]}}],"collection":[{"href":"https:\/\/digitalecosystemslab.com\/index.php?rest_route=\/wp\/v2\/pages"}],"about":[{"href":"https:\/\/digitalecosystemslab.com\/index.php?rest_route=\/wp\/v2\/types\/page"}],"author":[{"embeddable":true,"href":"https:\/\/digitalecosystemslab.com\/index.php?rest_route=\/wp\/v2\/users\/1"}],"replies":[{"embeddable":true,"href":"https:\/\/digitalecosystemslab.com\/index.php?rest_route=%2Fwp%2Fv2%2Fcomments&post=10381"}],"version-history":[{"count":5,"href":"https:\/\/digitalecosystemslab.com\/index.php?rest_route=\/wp\/v2\/pages\/10381\/revisions"}],"predecessor-version":[{"id":10849,"href":"https:\/\/digitalecosystemslab.com\/index.php?rest_route=\/wp\/v2\/pages\/10381\/revisions\/10849"}],"wp:attachment":[{"href":"https:\/\/digitalecosystemslab.com\/index.php?rest_route=%2Fwp%2Fv2%2Fmedia&parent=10381"}],"curies":[{"name":"wp","href":"https:\/\/api.w.org\/{rel}","templated":true}]}}